{"id":5741,"date":"2025-05-05T11:00:44","date_gmt":"2025-05-05T09:00:44","guid":{"rendered":"https:\/\/www.segurosaegon.com\/canalmediadores\/?page_id=5741"},"modified":"2025-05-05T12:33:37","modified_gmt":"2025-05-05T10:33:37","slug":"nuestros-productos","status":"publish","type":"page","link":"https:\/\/www.segurosaegon.com\/canalmediadores\/nuestros-productos\/","title":{"rendered":"Nuestros productos"},"content":{"rendered":"\n<div class=\"wp-block-group has-global-padding is-layout-constrained wp-container-core-group-is-layout-12243e0f wp-block-group-is-layout-constrained\">\n<div class=\"wp-block-columns is-not-stacked-on-mobile is-layout-flex wp-container-core-columns-is-layout-28f84493 wp-block-columns-is-layout-flex\">\n<div class=\"wp-block-column is-layout-flow wp-block-column-is-layout-flow\">\n<h3 class=\"wp-block-heading has-text-align-center has-custom-warm-black-color has-text-color has-link-color has-forever-forma-body-text-font-family wp-elements-a5a14987f5516a9377725dd12c82d23a\" style=\"font-size:clamp(14px, 0.875rem + ((1vw - 3.2px) * 0.341), 17px);line-height:1.3\">Porque&nbsp;<strong>la salud de los clientes es lo primero<\/strong>, nuestros seguros cuentan con la asistencia sanitaria m\u00e1s avanzada, los mejores profesionales m\u00e9dicos y los hospitales y centros privados de mayor prestigio.<\/h3>\n<\/div>\n<\/div>\n\n\n\n<div class=\"wp-block-columns is-not-stacked-on-mobile is-layout-flex wp-container-core-columns-is-layout-28f84493 wp-block-columns-is-layout-flex\">\n<div class=\"wp-block-column is-layout-flow wp-block-column-is-layout-flow\">\n<div class=\"wp-block-columns is-layout-flex wp-container-core-columns-is-layout-28f84493 wp-block-columns-is-layout-flex\">\n<div class=\"wp-block-column is-layout-flow wp-block-column-is-layout-flow\" style=\"flex-basis:40%\">\n<figure class=\"wp-block-image alignright size-full\"><img loading=\"lazy\" decoding=\"async\" width=\"108\" height=\"108\" src=\"https:\/\/web-dev-landings.rtxtaegn.com\/canalmediadoresnew\/wp-content\/uploads\/sites\/70\/2024\/07\/stethoscope_27dp_281805_FILL0_wght200_GRAD0_opsz24.png\" alt=\"\" class=\"wp-image-5598\" style=\"object-fit:cover\"\/><\/figure>\n<\/div>\n\n\n\n<div class=\"wp-block-column is-vertically-aligned-center is-layout-flow wp-block-column-is-layout-flow\" style=\"flex-basis:60%\">\n<ul class=\"wp-block-list has-custom-warm-black-color has-text-color has-link-color wp-elements-b136684092b6c006eaece920dce634b3\">\n<li class=\"has-link-color has-forever-forma-body-text-font-family wp-elements-533f47722140248afef384ba6d655fc1\" style=\"font-size:clamp(14px, 0.875rem + ((1vw - 3.2px) * 0.682), 20px);font-style:normal;font-weight:500;line-height:1.3\"><strong>Aegon Salud B\u00e1sico<\/strong><\/li>\n\n\n\n<li class=\"has-link-color has-forever-forma-body-text-font-family wp-elements-49536981324cb17821a3141f83ebec34\" style=\"font-size:clamp(14px, 0.875rem + ((1vw - 3.2px) * 0.682), 20px);font-style:normal;font-weight:500;line-height:1.3\"><strong>Aegon Salud Completo<\/strong><\/li>\n\n\n\n<li class=\"has-link-color has-forever-forma-body-text-font-family wp-elements-24eff1fc772ea03c035337f19c4c1126\" style=\"font-size:clamp(14px, 0.875rem + ((1vw - 3.2px) * 0.682), 20px);font-style:normal;font-weight:500;line-height:1.3\"><strong>Completo con Copago<\/strong><\/li>\n\n\n\n<li class=\"has-link-color has-forever-forma-body-text-font-family wp-elements-fa504e4405ee8c2d17259d2fd415d1fc\" style=\"font-size:clamp(14px, 0.875rem + ((1vw - 3.2px) * 0.682), 20px);font-style:normal;font-weight:500;line-height:1.3\"><strong>Completo con Reembolso<\/strong><\/li>\n\n\n\n<li class=\"has-link-color has-forever-forma-body-text-font-family wp-elements-e3eecbbdbf2928ccf856ca7855d5d4bd\" style=\"font-size:clamp(14px, 0.875rem + ((1vw - 3.2px) * 0.682), 20px);font-style:normal;font-weight:500;line-height:1.3\"><strong>Aegon Conecta<\/strong><\/li>\n<\/ul>\n<\/div>\n<\/div>\n<\/div>\n<\/div>\n\n\n\n<div style=\"height:50px\" aria-hidden=\"true\" class=\"wp-block-spacer\"><\/div>\n\n\n\n<div class=\"wp-block-columns is-not-stacked-on-mobile is-layout-flex wp-container-core-columns-is-layout-28f84493 wp-block-columns-is-layout-flex\">\n<div class=\"wp-block-column is-layout-flow wp-block-column-is-layout-flow\">\n<h3 class=\"wp-block-heading has-text-align-center has-custom-warm-black-color has-text-color has-link-color has-forever-forma-body-text-font-family wp-elements-e971124fed539cd17e7b1ce4f4361560\" style=\"font-size:clamp(14px, 0.875rem + ((1vw - 3.2px) * 0.341), 17px);line-height:1.3\"><strong>Aportar a nuestros asegurados una estabilidad econ\u00f3mica<\/strong>&nbsp;en el caso de que alg\u00fan imprevisto provoque una repentina falta de ingresos en la unidad familiar, es lo que ofrecemos a los clientes a trav\u00e9s de nuestros seguros de vida riesgo.<\/h3>\n<\/div>\n<\/div>\n\n\n\n<div class=\"wp-block-columns is-not-stacked-on-mobile is-layout-flex wp-container-core-columns-is-layout-28f84493 wp-block-columns-is-layout-flex\">\n<div class=\"wp-block-column is-layout-flow wp-block-column-is-layout-flow\">\n<div class=\"wp-block-columns is-layout-flex wp-container-core-columns-is-layout-28f84493 wp-block-columns-is-layout-flex\">\n<div class=\"wp-block-column is-layout-flow wp-block-column-is-layout-flow\" style=\"flex-basis:40%\">\n<figure class=\"wp-block-image alignright size-full\"><img loading=\"lazy\" decoding=\"async\" width=\"108\" height=\"108\" src=\"https:\/\/web-dev-landings.rtxtaegn.com\/canalmediadoresnew\/wp-content\/uploads\/sites\/70\/2024\/07\/favorite_27dp_281805_FILL0_wght200_GRAD0_opsz24.png\" alt=\"\" class=\"wp-image-5615\" style=\"object-fit:cover\"\/><\/figure>\n<\/div>\n\n\n\n<div class=\"wp-block-column is-vertically-aligned-center is-layout-flow wp-block-column-is-layout-flow\" style=\"flex-basis:60%\">\n<ul class=\"wp-block-list has-custom-warm-black-color has-text-color has-link-color wp-elements-e299b601eed1432fe0a7e28e93959a37\">\n<li class=\"has-link-color has-forever-forma-body-text-font-family wp-elements-418a9a7d313f5a067d17a6b81b72f61c\" style=\"font-size:clamp(14px, 0.875rem + ((1vw - 3.2px) * 0.682), 20px);font-style:normal;font-weight:500;line-height:1.3\"><strong>Aegon Vida Flexible<\/strong><\/li>\n\n\n\n<li class=\"has-link-color has-forever-forma-body-text-font-family wp-elements-d3f1a849f8efc50ab33571fc3a789b2d\" style=\"font-size:clamp(14px, 0.875rem + ((1vw - 3.2px) * 0.682), 20px);font-style:normal;font-weight:500;line-height:1.3\"><strong>Aegon Vida D\u00fao<\/strong><\/li>\n\n\n\n<li class=\"has-link-color has-forever-forma-body-text-font-family wp-elements-8d9ca597d7e570d69fd3f36d55b434c8\" style=\"font-size:clamp(14px, 0.875rem + ((1vw - 3.2px) * 0.682), 20px);font-style:normal;font-weight:500;line-height:1.3\"><strong>Aegon Dependencia<\/strong><\/li>\n\n\n\n<li class=\"has-link-color has-forever-forma-body-text-font-family wp-elements-1d47bfd81dd6ea5b79af637136adec46\" style=\"font-size:clamp(14px, 0.875rem + ((1vw - 3.2px) * 0.682), 20px);font-style:normal;font-weight:500;line-height:1.3\"><strong>Aegon Contigo<\/strong><\/li>\n<\/ul>\n<\/div>\n<\/div>\n<\/div>\n<\/div>\n<\/div>\n","protected":false},"excerpt":{"rendered":"<p>Porque&nbsp;la salud de los clientes es lo primero, nuestros seguros cuentan con la asistencia sanitaria m\u00e1s avanzada, los mejores profesionales m\u00e9dicos y los hospitales y centros privados de mayor prestigio. Aportar a nuestros asegurados una estabilidad econ\u00f3mica&nbsp;en el caso de que alg\u00fan imprevisto provoque una repentina falta de ingresos en la unidad familiar, es lo [&hellip;]<\/p>\n","protected":false},"author":0,"featured_media":5679,"parent":0,"menu_order":0,"comment_status":"closed","ping_status":"closed","template":"wp-custom-template-nueva-imagen-nuestros-productos","meta":{"footnotes":""},"class_list":["post-5741","page","type-page","status-publish","has-post-thumbnail","hentry"],"yoast_head":"<!-- This site is optimized with the Yoast SEO plugin v27.4 - https:\/\/yoast.com\/product\/yoast-seo-wordpress\/ -->\n<title>Nuestros productos - Canal Mediadores - Aegon Seguros de Vida y Salud<\/title>\n<meta name=\"robots\" content=\"index, follow, max-snippet:-1, max-image-preview:large, max-video-preview:-1\" \/>\n<link rel=\"canonical\" href=\"https:\/\/www.segurosaegon.com\/canalmediadores\/nuestros-productos\/\" \/>\n<meta property=\"og:locale\" content=\"es_ES\" \/>\n<meta property=\"og:type\" content=\"article\" \/>\n<meta property=\"og:title\" content=\"Nuestros productos - Canal Mediadores - Aegon Seguros de Vida y Salud\" \/>\n<meta property=\"og:description\" content=\"Porque&nbsp;la salud de los clientes es lo primero, nuestros seguros cuentan con la asistencia sanitaria m\u00e1s avanzada, los mejores profesionales m\u00e9dicos y los hospitales y centros privados de mayor prestigio. Aportar a nuestros asegurados una estabilidad econ\u00f3mica&nbsp;en el caso de que alg\u00fan imprevisto provoque una repentina falta de ingresos en la unidad familiar, es lo [&hellip;]\" \/>\n<meta property=\"og:url\" content=\"https:\/\/www.segurosaegon.com\/canalmediadores\/nuestros-productos\/\" \/>\n<meta property=\"og:site_name\" content=\"Canal Mediadores - Aegon Seguros de Vida y Salud\" \/>\n<meta property=\"article:modified_time\" content=\"2025-05-05T10:33:37+00:00\" \/>\n<meta property=\"og:image\" content=\"https:\/\/www.segurosaegon.com\/canalmediadores\/wp-content\/uploads\/sites\/40\/2024\/06\/20240417_Central_life2-scaled-1.jpg\" \/>\n\t<meta property=\"og:image:width\" content=\"2560\" \/>\n\t<meta property=\"og:image:height\" content=\"1707\" \/>\n\t<meta property=\"og:image:type\" content=\"image\/jpeg\" \/>\n<meta name=\"twitter:card\" content=\"summary_large_image\" \/>\n<meta name=\"twitter:label1\" content=\"Tiempo de lectura\" \/>\n\t<meta name=\"twitter:data1\" content=\"2 minutos\" \/>\n<script type=\"application\/ld+json\" class=\"yoast-schema-graph\">{\"@context\":\"https:\\\/\\\/schema.org\",\"@graph\":[{\"@type\":\"WebPage\",\"@id\":\"https:\\\/\\\/www.segurosaegon.com\\\/canalmediadores\\\/nuestros-productos\\\/\",\"url\":\"https:\\\/\\\/www.segurosaegon.com\\\/canalmediadores\\\/nuestros-productos\\\/\",\"name\":\"Nuestros productos - Canal Mediadores - Aegon Seguros de Vida y Salud\",\"isPartOf\":{\"@id\":\"https:\\\/\\\/www.segurosaegon.com\\\/canalmediadores\\\/#website\"},\"primaryImageOfPage\":{\"@id\":\"https:\\\/\\\/www.segurosaegon.com\\\/canalmediadores\\\/nuestros-productos\\\/#primaryimage\"},\"image\":{\"@id\":\"https:\\\/\\\/www.segurosaegon.com\\\/canalmediadores\\\/nuestros-productos\\\/#primaryimage\"},\"thumbnailUrl\":\"https:\\\/\\\/www.segurosaegon.com\\\/canalmediadores\\\/wp-content\\\/uploads\\\/sites\\\/40\\\/2024\\\/06\\\/20240417_Central_life2-scaled-1.jpg\",\"datePublished\":\"2025-05-05T09:00:44+00:00\",\"dateModified\":\"2025-05-05T10:33:37+00:00\",\"breadcrumb\":{\"@id\":\"https:\\\/\\\/www.segurosaegon.com\\\/canalmediadores\\\/nuestros-productos\\\/#breadcrumb\"},\"inLanguage\":\"es\",\"potentialAction\":[{\"@type\":\"ReadAction\",\"target\":[\"https:\\\/\\\/www.segurosaegon.com\\\/canalmediadores\\\/nuestros-productos\\\/\"]}]},{\"@type\":\"ImageObject\",\"inLanguage\":\"es\",\"@id\":\"https:\\\/\\\/www.segurosaegon.com\\\/canalmediadores\\\/nuestros-productos\\\/#primaryimage\",\"url\":\"https:\\\/\\\/www.segurosaegon.com\\\/canalmediadores\\\/wp-content\\\/uploads\\\/sites\\\/40\\\/2024\\\/06\\\/20240417_Central_life2-scaled-1.jpg\",\"contentUrl\":\"https:\\\/\\\/www.segurosaegon.com\\\/canalmediadores\\\/wp-content\\\/uploads\\\/sites\\\/40\\\/2024\\\/06\\\/20240417_Central_life2-scaled-1.jpg\",\"width\":2560,\"height\":1707,\"caption\":\"Photo of a little boy and his mother having a relaxing moment in a hammock\"},{\"@type\":\"BreadcrumbList\",\"@id\":\"https:\\\/\\\/www.segurosaegon.com\\\/canalmediadores\\\/nuestros-productos\\\/#breadcrumb\",\"itemListElement\":[{\"@type\":\"ListItem\",\"position\":1,\"name\":\"Portada\",\"item\":\"https:\\\/\\\/www.segurosaegon.com\\\/canalmediadores\\\/\"},{\"@type\":\"ListItem\",\"position\":2,\"name\":\"Nuestros productos\"}]},{\"@type\":\"WebSite\",\"@id\":\"https:\\\/\\\/www.segurosaegon.com\\\/canalmediadores\\\/#website\",\"url\":\"https:\\\/\\\/www.segurosaegon.com\\\/canalmediadores\\\/\",\"name\":\"Canal Mediadores - Aegon Seguros de Vida y Salud\",\"description\":\"\",\"publisher\":{\"@id\":\"https:\\\/\\\/www.segurosaegon.com\\\/canalmediadores\\\/#organization\"},\"potentialAction\":[{\"@type\":\"SearchAction\",\"target\":{\"@type\":\"EntryPoint\",\"urlTemplate\":\"https:\\\/\\\/www.segurosaegon.com\\\/canalmediadores\\\/?s={search_term_string}\"},\"query-input\":{\"@type\":\"PropertyValueSpecification\",\"valueRequired\":true,\"valueName\":\"search_term_string\"}}],\"inLanguage\":\"es\"},{\"@type\":\"Organization\",\"@id\":\"https:\\\/\\\/www.segurosaegon.com\\\/canalmediadores\\\/#organization\",\"name\":\"Canal Mediadores - Aegon Seguros de Vida y Salud\",\"url\":\"https:\\\/\\\/www.segurosaegon.com\\\/canalmediadores\\\/\",\"logo\":{\"@type\":\"ImageObject\",\"inLanguage\":\"es\",\"@id\":\"https:\\\/\\\/www.segurosaegon.com\\\/canalmediadores\\\/#\\\/schema\\\/logo\\\/image\\\/\",\"url\":\"https:\\\/\\\/www.segurosaegon.com\\\/canalmediadores\\\/wp-content\\\/uploads\\\/sites\\\/40\\\/2024\\\/06\\\/Aegon_Logo_2024_PEQv2.png\",\"contentUrl\":\"https:\\\/\\\/www.segurosaegon.com\\\/canalmediadores\\\/wp-content\\\/uploads\\\/sites\\\/40\\\/2024\\\/06\\\/Aegon_Logo_2024_PEQv2.png\",\"width\":147,\"height\":39,\"caption\":\"Canal Mediadores - Aegon Seguros de Vida y Salud\"},\"image\":{\"@id\":\"https:\\\/\\\/www.segurosaegon.com\\\/canalmediadores\\\/#\\\/schema\\\/logo\\\/image\\\/\"}}]}<\/script>\n<!-- \/ Yoast SEO plugin. -->","yoast_head_json":{"title":"Nuestros productos - Canal Mediadores - Aegon Seguros de Vida y Salud","robots":{"index":"index","follow":"follow","max-snippet":"max-snippet:-1","max-image-preview":"max-image-preview:large","max-video-preview":"max-video-preview:-1"},"canonical":"https:\/\/www.segurosaegon.com\/canalmediadores\/nuestros-productos\/","og_locale":"es_ES","og_type":"article","og_title":"Nuestros productos - Canal Mediadores - Aegon Seguros de Vida y Salud","og_description":"Porque&nbsp;la salud de los clientes es lo primero, nuestros seguros cuentan con la asistencia sanitaria m\u00e1s avanzada, los mejores profesionales m\u00e9dicos y los hospitales y centros privados de mayor prestigio. Aportar a nuestros asegurados una estabilidad econ\u00f3mica&nbsp;en el caso de que alg\u00fan imprevisto provoque una repentina falta de ingresos en la unidad familiar, es lo [&hellip;]","og_url":"https:\/\/www.segurosaegon.com\/canalmediadores\/nuestros-productos\/","og_site_name":"Canal Mediadores - Aegon Seguros de Vida y Salud","article_modified_time":"2025-05-05T10:33:37+00:00","og_image":[{"width":2560,"height":1707,"url":"https:\/\/www.segurosaegon.com\/canalmediadores\/wp-content\/uploads\/sites\/40\/2024\/06\/20240417_Central_life2-scaled-1.jpg","type":"image\/jpeg"}],"twitter_card":"summary_large_image","twitter_misc":{"Tiempo de lectura":"2 minutos"},"schema":{"@context":"https:\/\/schema.org","@graph":[{"@type":"WebPage","@id":"https:\/\/www.segurosaegon.com\/canalmediadores\/nuestros-productos\/","url":"https:\/\/www.segurosaegon.com\/canalmediadores\/nuestros-productos\/","name":"Nuestros productos - Canal Mediadores - Aegon Seguros de Vida y Salud","isPartOf":{"@id":"https:\/\/www.segurosaegon.com\/canalmediadores\/#website"},"primaryImageOfPage":{"@id":"https:\/\/www.segurosaegon.com\/canalmediadores\/nuestros-productos\/#primaryimage"},"image":{"@id":"https:\/\/www.segurosaegon.com\/canalmediadores\/nuestros-productos\/#primaryimage"},"thumbnailUrl":"https:\/\/www.segurosaegon.com\/canalmediadores\/wp-content\/uploads\/sites\/40\/2024\/06\/20240417_Central_life2-scaled-1.jpg","datePublished":"2025-05-05T09:00:44+00:00","dateModified":"2025-05-05T10:33:37+00:00","breadcrumb":{"@id":"https:\/\/www.segurosaegon.com\/canalmediadores\/nuestros-productos\/#breadcrumb"},"inLanguage":"es","potentialAction":[{"@type":"ReadAction","target":["https:\/\/www.segurosaegon.com\/canalmediadores\/nuestros-productos\/"]}]},{"@type":"ImageObject","inLanguage":"es","@id":"https:\/\/www.segurosaegon.com\/canalmediadores\/nuestros-productos\/#primaryimage","url":"https:\/\/www.segurosaegon.com\/canalmediadores\/wp-content\/uploads\/sites\/40\/2024\/06\/20240417_Central_life2-scaled-1.jpg","contentUrl":"https:\/\/www.segurosaegon.com\/canalmediadores\/wp-content\/uploads\/sites\/40\/2024\/06\/20240417_Central_life2-scaled-1.jpg","width":2560,"height":1707,"caption":"Photo of a little boy and his mother having a relaxing moment in a hammock"},{"@type":"BreadcrumbList","@id":"https:\/\/www.segurosaegon.com\/canalmediadores\/nuestros-productos\/#breadcrumb","itemListElement":[{"@type":"ListItem","position":1,"name":"Portada","item":"https:\/\/www.segurosaegon.com\/canalmediadores\/"},{"@type":"ListItem","position":2,"name":"Nuestros productos"}]},{"@type":"WebSite","@id":"https:\/\/www.segurosaegon.com\/canalmediadores\/#website","url":"https:\/\/www.segurosaegon.com\/canalmediadores\/","name":"Canal Mediadores - Aegon Seguros de Vida y Salud","description":"","publisher":{"@id":"https:\/\/www.segurosaegon.com\/canalmediadores\/#organization"},"potentialAction":[{"@type":"SearchAction","target":{"@type":"EntryPoint","urlTemplate":"https:\/\/www.segurosaegon.com\/canalmediadores\/?s={search_term_string}"},"query-input":{"@type":"PropertyValueSpecification","valueRequired":true,"valueName":"search_term_string"}}],"inLanguage":"es"},{"@type":"Organization","@id":"https:\/\/www.segurosaegon.com\/canalmediadores\/#organization","name":"Canal Mediadores - Aegon Seguros de Vida y Salud","url":"https:\/\/www.segurosaegon.com\/canalmediadores\/","logo":{"@type":"ImageObject","inLanguage":"es","@id":"https:\/\/www.segurosaegon.com\/canalmediadores\/#\/schema\/logo\/image\/","url":"https:\/\/www.segurosaegon.com\/canalmediadores\/wp-content\/uploads\/sites\/40\/2024\/06\/Aegon_Logo_2024_PEQv2.png","contentUrl":"https:\/\/www.segurosaegon.com\/canalmediadores\/wp-content\/uploads\/sites\/40\/2024\/06\/Aegon_Logo_2024_PEQv2.png","width":147,"height":39,"caption":"Canal Mediadores - Aegon Seguros de Vida y Salud"},"image":{"@id":"https:\/\/www.segurosaegon.com\/canalmediadores\/#\/schema\/logo\/image\/"}}]}},"_links":{"self":[{"href":"https:\/\/www.segurosaegon.com\/canalmediadores\/wp-json\/wp\/v2\/pages\/5741","targetHints":{"allow":["GET"]}}],"collection":[{"href":"https:\/\/www.segurosaegon.com\/canalmediadores\/wp-json\/wp\/v2\/pages"}],"about":[{"href":"https:\/\/www.segurosaegon.com\/canalmediadores\/wp-json\/wp\/v2\/types\/page"}],"replies":[{"embeddable":true,"href":"https:\/\/www.segurosaegon.com\/canalmediadores\/wp-json\/wp\/v2\/comments?post=5741"}],"version-history":[{"count":1,"href":"https:\/\/www.segurosaegon.com\/canalmediadores\/wp-json\/wp\/v2\/pages\/5741\/revisions"}],"predecessor-version":[{"id":5742,"href":"https:\/\/www.segurosaegon.com\/canalmediadores\/wp-json\/wp\/v2\/pages\/5741\/revisions\/5742"}],"wp:featuredmedia":[{"embeddable":true,"href":"https:\/\/www.segurosaegon.com\/canalmediadores\/wp-json\/wp\/v2\/media\/5679"}],"wp:attachment":[{"href":"https:\/\/www.segurosaegon.com\/canalmediadores\/wp-json\/wp\/v2\/media?parent=5741"}],"curies":[{"name":"wp","href":"https:\/\/api.w.org\/{rel}","templated":true}]}}