{"id":9,"date":"2023-08-21T13:31:43","date_gmt":"2023-08-21T11:31:43","guid":{"rendered":"http:\/\/multilandingaegon.testdce.es\/?page_id=8"},"modified":"2024-08-29T13:31:54","modified_gmt":"2024-08-29T11:31:54","slug":"seguros-de-salud","status":"publish","type":"page","link":"https:\/\/www.segurosaegon.com\/contrataaegon\/","title":{"rendered":"HOME"},"content":{"rendered":"\n<p>CONTENIDO MARCADO A TRAV\u00c9S DE PLANTILLA &#8211; TEMA POR BLOQUES AegonLandings<\/p>\n","protected":false},"excerpt":{"rendered":"<p>CONTENIDO MARCADO A TRAV\u00c9S DE PLANTILLA &#8211; TEMA POR BLOQUES AegonLandings<\/p>\n","protected":false},"author":11,"featured_media":0,"parent":0,"menu_order":1,"comment_status":"closed","ping_status":"closed","template":"nueva-imagen-sin-form-leads-con-tarificador","meta":{"footnotes":""},"class_list":["post-9","page","type-page","status-publish","hentry"],"yoast_head":"<!-- This site is optimized with the Yoast SEO plugin v27.4 - https:\/\/yoast.com\/product\/yoast-seo-wordpress\/ -->\n<title>Seguros de Salud | Tu seguro m\u00e9dico privado con Aegon<\/title>\n<meta name=\"description\" content=\"Seguro m\u00e9dico privado. AEGON ofrece los mejores seguros de salud con las m\u00e1ximas coberturas. Accede a nuestro cuadr\u00f3 m\u00e9dico\" \/>\n<meta name=\"robots\" content=\"index, follow, max-snippet:-1, max-image-preview:large, max-video-preview:-1\" \/>\n<link rel=\"canonical\" href=\"https:\/\/www.segurosaegon.com\/contrataaegon\/\" \/>\n<meta property=\"og:locale\" content=\"es_ES\" \/>\n<meta property=\"og:type\" content=\"article\" \/>\n<meta property=\"og:title\" content=\"Seguros de Salud | Tu seguro m\u00e9dico privado con Aegon\" \/>\n<meta property=\"og:description\" content=\"Seguro m\u00e9dico privado. AEGON ofrece los mejores seguros de salud con las m\u00e1ximas coberturas. Accede a nuestro cuadr\u00f3 m\u00e9dico\" \/>\n<meta property=\"og:url\" content=\"https:\/\/www.segurosaegon.com\/contrataaegon\/\" \/>\n<meta property=\"og:site_name\" content=\"Contratar Aegon - Seguros de Salud\" \/>\n<meta property=\"article:modified_time\" content=\"2024-08-29T11:31:54+00:00\" \/>\n<meta name=\"twitter:card\" content=\"summary_large_image\" \/>\n<meta name=\"twitter:label1\" content=\"Tiempo de lectura\" \/>\n\t<meta name=\"twitter:data1\" content=\"1 minuto\" \/>\n<script type=\"application\/ld+json\" class=\"yoast-schema-graph\">{\"@context\":\"https:\\\/\\\/schema.org\",\"@graph\":[{\"@type\":\"WebPage\",\"@id\":\"https:\\\/\\\/www.segurosaegon.com\\\/contrataaegon\\\/\",\"url\":\"https:\\\/\\\/www.segurosaegon.com\\\/contrataaegon\\\/\",\"name\":\"Seguros de Salud | Tu seguro m\u00e9dico privado con Aegon\",\"isPartOf\":{\"@id\":\"https:\\\/\\\/www.segurosaegon.com\\\/contrataaegon\\\/#website\"},\"datePublished\":\"2023-08-21T11:31:43+00:00\",\"dateModified\":\"2024-08-29T11:31:54+00:00\",\"description\":\"Seguro m\u00e9dico privado. AEGON ofrece los mejores seguros de salud con las m\u00e1ximas coberturas. Accede a nuestro cuadr\u00f3 m\u00e9dico\",\"breadcrumb\":{\"@id\":\"https:\\\/\\\/www.segurosaegon.com\\\/contrataaegon\\\/#breadcrumb\"},\"inLanguage\":\"es\",\"potentialAction\":[{\"@type\":\"ReadAction\",\"target\":[\"https:\\\/\\\/www.segurosaegon.com\\\/contrataaegon\\\/\"]}]},{\"@type\":\"BreadcrumbList\",\"@id\":\"https:\\\/\\\/www.segurosaegon.com\\\/contrataaegon\\\/#breadcrumb\",\"itemListElement\":[{\"@type\":\"ListItem\",\"position\":1,\"name\":\"Portada\",\"item\":\"https:\\\/\\\/www.segurosaegon.com\\\/contrataaegon\\\/\"},{\"@type\":\"ListItem\",\"position\":2,\"name\":\"HOME\"}]},{\"@type\":\"WebSite\",\"@id\":\"https:\\\/\\\/www.segurosaegon.com\\\/contrataaegon\\\/#website\",\"url\":\"https:\\\/\\\/www.segurosaegon.com\\\/contrataaegon\\\/\",\"name\":\"Contratar Aegon - Seguros de Salud\",\"description\":\"Seguros de salud - Accede a la sanidad privada\",\"publisher\":{\"@id\":\"https:\\\/\\\/www.segurosaegon.com\\\/contrataaegon\\\/#organization\"},\"potentialAction\":[{\"@type\":\"SearchAction\",\"target\":{\"@type\":\"EntryPoint\",\"urlTemplate\":\"https:\\\/\\\/www.segurosaegon.com\\\/contrataaegon\\\/?s={search_term_string}\"},\"query-input\":{\"@type\":\"PropertyValueSpecification\",\"valueRequired\":true,\"valueName\":\"search_term_string\"}}],\"inLanguage\":\"es\"},{\"@type\":\"Organization\",\"@id\":\"https:\\\/\\\/www.segurosaegon.com\\\/contrataaegon\\\/#organization\",\"name\":\"Contratar Aegon - Seguros de Salud\",\"url\":\"https:\\\/\\\/www.segurosaegon.com\\\/contrataaegon\\\/\",\"logo\":{\"@type\":\"ImageObject\",\"inLanguage\":\"es\",\"@id\":\"https:\\\/\\\/www.segurosaegon.com\\\/contrataaegon\\\/#\\\/schema\\\/logo\\\/image\\\/\",\"url\":\"https:\\\/\\\/www.segurosaegon.com\\\/contrataaegon\\\/wp-content\\\/uploads\\\/sites\\\/32\\\/2024\\\/06\\\/Aegon_Logo_2024_PEQ.png\",\"contentUrl\":\"https:\\\/\\\/www.segurosaegon.com\\\/contrataaegon\\\/wp-content\\\/uploads\\\/sites\\\/32\\\/2024\\\/06\\\/Aegon_Logo_2024_PEQ.png\",\"width\":161,\"height\":43,\"caption\":\"Contratar Aegon - Seguros de Salud\"},\"image\":{\"@id\":\"https:\\\/\\\/www.segurosaegon.com\\\/contrataaegon\\\/#\\\/schema\\\/logo\\\/image\\\/\"}}]}<\/script>\n<!-- \/ Yoast SEO plugin. -->","yoast_head_json":{"title":"Seguros de Salud | Tu seguro m\u00e9dico privado con Aegon","description":"Seguro m\u00e9dico privado. AEGON ofrece los mejores seguros de salud con las m\u00e1ximas coberturas. Accede a nuestro cuadr\u00f3 m\u00e9dico","robots":{"index":"index","follow":"follow","max-snippet":"max-snippet:-1","max-image-preview":"max-image-preview:large","max-video-preview":"max-video-preview:-1"},"canonical":"https:\/\/www.segurosaegon.com\/contrataaegon\/","og_locale":"es_ES","og_type":"article","og_title":"Seguros de Salud | Tu seguro m\u00e9dico privado con Aegon","og_description":"Seguro m\u00e9dico privado. AEGON ofrece los mejores seguros de salud con las m\u00e1ximas coberturas. Accede a nuestro cuadr\u00f3 m\u00e9dico","og_url":"https:\/\/www.segurosaegon.com\/contrataaegon\/","og_site_name":"Contratar Aegon - Seguros de Salud","article_modified_time":"2024-08-29T11:31:54+00:00","twitter_card":"summary_large_image","twitter_misc":{"Tiempo de lectura":"1 minuto"},"schema":{"@context":"https:\/\/schema.org","@graph":[{"@type":"WebPage","@id":"https:\/\/www.segurosaegon.com\/contrataaegon\/","url":"https:\/\/www.segurosaegon.com\/contrataaegon\/","name":"Seguros de Salud | Tu seguro m\u00e9dico privado con Aegon","isPartOf":{"@id":"https:\/\/www.segurosaegon.com\/contrataaegon\/#website"},"datePublished":"2023-08-21T11:31:43+00:00","dateModified":"2024-08-29T11:31:54+00:00","description":"Seguro m\u00e9dico privado. AEGON ofrece los mejores seguros de salud con las m\u00e1ximas coberturas. Accede a nuestro cuadr\u00f3 m\u00e9dico","breadcrumb":{"@id":"https:\/\/www.segurosaegon.com\/contrataaegon\/#breadcrumb"},"inLanguage":"es","potentialAction":[{"@type":"ReadAction","target":["https:\/\/www.segurosaegon.com\/contrataaegon\/"]}]},{"@type":"BreadcrumbList","@id":"https:\/\/www.segurosaegon.com\/contrataaegon\/#breadcrumb","itemListElement":[{"@type":"ListItem","position":1,"name":"Portada","item":"https:\/\/www.segurosaegon.com\/contrataaegon\/"},{"@type":"ListItem","position":2,"name":"HOME"}]},{"@type":"WebSite","@id":"https:\/\/www.segurosaegon.com\/contrataaegon\/#website","url":"https:\/\/www.segurosaegon.com\/contrataaegon\/","name":"Contratar Aegon - Seguros de Salud","description":"Seguros de salud - Accede a la sanidad privada","publisher":{"@id":"https:\/\/www.segurosaegon.com\/contrataaegon\/#organization"},"potentialAction":[{"@type":"SearchAction","target":{"@type":"EntryPoint","urlTemplate":"https:\/\/www.segurosaegon.com\/contrataaegon\/?s={search_term_string}"},"query-input":{"@type":"PropertyValueSpecification","valueRequired":true,"valueName":"search_term_string"}}],"inLanguage":"es"},{"@type":"Organization","@id":"https:\/\/www.segurosaegon.com\/contrataaegon\/#organization","name":"Contratar Aegon - Seguros de Salud","url":"https:\/\/www.segurosaegon.com\/contrataaegon\/","logo":{"@type":"ImageObject","inLanguage":"es","@id":"https:\/\/www.segurosaegon.com\/contrataaegon\/#\/schema\/logo\/image\/","url":"https:\/\/www.segurosaegon.com\/contrataaegon\/wp-content\/uploads\/sites\/32\/2024\/06\/Aegon_Logo_2024_PEQ.png","contentUrl":"https:\/\/www.segurosaegon.com\/contrataaegon\/wp-content\/uploads\/sites\/32\/2024\/06\/Aegon_Logo_2024_PEQ.png","width":161,"height":43,"caption":"Contratar Aegon - Seguros de Salud"},"image":{"@id":"https:\/\/www.segurosaegon.com\/contrataaegon\/#\/schema\/logo\/image\/"}}]}},"_links":{"self":[{"href":"https:\/\/www.segurosaegon.com\/contrataaegon\/wp-json\/wp\/v2\/pages\/9","targetHints":{"allow":["GET"]}}],"collection":[{"href":"https:\/\/www.segurosaegon.com\/contrataaegon\/wp-json\/wp\/v2\/pages"}],"about":[{"href":"https:\/\/www.segurosaegon.com\/contrataaegon\/wp-json\/wp\/v2\/types\/page"}],"author":[{"embeddable":true,"href":"https:\/\/www.segurosaegon.com\/contrataaegon\/wp-json\/wp\/v2\/users\/11"}],"replies":[{"embeddable":true,"href":"https:\/\/www.segurosaegon.com\/contrataaegon\/wp-json\/wp\/v2\/comments?post=9"}],"version-history":[{"count":1,"href":"https:\/\/www.segurosaegon.com\/contrataaegon\/wp-json\/wp\/v2\/pages\/9\/revisions"}],"predecessor-version":[{"id":4795,"href":"https:\/\/www.segurosaegon.com\/contrataaegon\/wp-json\/wp\/v2\/pages\/9\/revisions\/4795"}],"wp:attachment":[{"href":"https:\/\/www.segurosaegon.com\/contrataaegon\/wp-json\/wp\/v2\/media?parent=9"}],"curies":[{"name":"wp","href":"https:\/\/api.w.org\/{rel}","templated":true}]}}