{"id":93,"date":"2023-08-22T09:45:34","date_gmt":"2023-08-22T07:45:34","guid":{"rendered":"http:\/\/multilandingaegon.testdce.es\/?page_id=93"},"modified":"2025-02-25T12:58:51","modified_gmt":"2025-02-25T11:58:51","slug":"politica-de-cookies","status":"publish","type":"page","link":"https:\/\/www.segurosaegon.com\/contrataaegon\/politica-de-cookies\/","title":{"rendered":"POL\u00cdTICA DE COOKIES"},"content":{"rendered":"\n<div class=\"wp-block-group alignwide has-global-padding is-layout-constrained wp-container-core-group-is-layout-12243e0f wp-block-group-is-layout-constrained\">\n<p class=\"has-text-align-left has-black-color has-text-color has-link-color has-forever-forma-body-text-font-family wp-elements-64ed9cf11135a0d85e5d42eefa2db19c\" style=\"font-size:clamp(14px, 0.875rem + ((1vw - 3.2px) * 0.341), 17px);line-height:1.4\">En cumplimiento del Real Decreto Ley 13\/2012, del 30 de marzo por el que se modifica la Ley de Servicios de Sociedad de la Informaci\u00f3n, y relativo a la utilizaci\u00f3n de cookies en p\u00e1ginas Webs, AEGON le informa que este sitio Web utiliza cookies para poder medir y analizar el tr\u00e1fico de la Web, para facilitarle su experiencia como usuario y ofrecerle un mejor servicio. Si lo desea puede configurar su navegador para ser avisado en pantalla de la recepci\u00f3n de cookies o bien para impedir la instalaci\u00f3n de las mismas, teniendo en cuenta que de \u00e9sta forma dejar\u00eda de tener acceso a ciertas funciones en Internet.<\/p>\n\n\n\n<h2 class=\"wp-block-heading has-black-color has-text-color has-link-color has-forever-forma-body-text-font-family wp-elements-384eb24e36aa869cb4af99dfd2ed90da\" style=\"padding-top:15px;font-size:clamp(16.834px, 1.052rem + ((1vw - 3.2px) * 1.042), 26px);line-height:1.4\"><strong>QU\u00c9 SON LAS COOKIES<\/strong><\/h2>\n\n\n\n<p class=\"has-black-color has-text-color has-link-color has-forever-forma-body-text-font-family wp-elements-f5a61531b075fd8a02afcdcac7d08900\" style=\"font-size:clamp(14px, 0.875rem + ((1vw - 3.2px) * 0.341), 17px);line-height:1.4\">Las cookies son peque\u00f1os archivos que algunas plataformas, como las p\u00e1ginas WEB, pueden instalar en tu ordenador, smartphone, tableta o televisi\u00f3n conectada, al acceder a las mismas. Una cookie se almacena en estos dispositivos para personalizar y facilitar al m\u00e1ximo la navegaci\u00f3n del usuario\/a. Las cookies se asocian \u00fanicamente a un\/a usuario\/a y su dispositivo, y no proporcionan referencias que permitan deducir datos personales del mismo\/a. El\/la usuario\/a podr\u00e1 configurar su navegador para que notifique o rechace la instalaci\u00f3n de las cookies enviadas por el sitio WEB. Las cookies permiten que las p\u00e1ginas WEB funcionen de forma m\u00e1s \u00e1gil y adaptada a las preferencias del usuario\/a. Por ejemplo, almacenando su idioma o la moneda de su pa\u00eds. Adem\u00e1s, ayudan a los\/as responsables de los sitios WEB a mejorar los servicios que ofrecen, gracias a la informaci\u00f3n estad\u00edstica que recogen a trav\u00e9s de ellas. Finalmente, sirven para hacer m\u00e1s eficiente la publicidad que se muestra, gracias a la cual se pueden ofrecer servicios de forma gratuita.<\/p>\n\n\n\n<h2 class=\"wp-block-heading has-black-color has-text-color has-link-color has-forever-forma-body-text-font-family wp-elements-546650ae578feb2c99bf800495312b14\" style=\"padding-top:15px;font-size:clamp(16.834px, 1.052rem + ((1vw - 3.2px) * 1.042), 26px);line-height:1.4\"><strong>\u00bfPARA QU\u00c9 UTILIZA LAS COOKIES ESTA P\u00c1GINA WEB Y CU\u00c1LES SON?<\/strong><\/h2>\n\n\n\n<p class=\"has-black-color has-text-color has-link-color has-forever-forma-body-text-font-family wp-elements-db38f8e7a765fadca2df36355cd1f1f0\" style=\"font-size:clamp(14px, 0.875rem + ((1vw - 3.2px) * 0.341), 17px);line-height:1.4\">Esta p\u00e1gina Web utiliza las cookies para una serie de finalidades, incluidas:<\/p>\n\n\n\n<ol style=\"font-size:clamp(14px, 0.875rem + ((1vw - 3.2px) * 0.341), 17px);line-height:1.4\" class=\"wp-block-list has-black-color has-text-color has-link-color has-forever-forma-body-text-font-family wp-elements-93f09c56301fad725928295975228c92\">\n<li><strong>An\u00e1lisis<\/strong>: son aquellas cookies que bien, tratadas por nosotros o por terceros, nos permiten cuantificar el n\u00famero de usuarios y as\u00ed realizar la medici\u00f3n y an\u00e1lisis estad\u00edstico de la utilizaci\u00f3n que hacen los usuarios del servicio. Para ellos se analiza su navegaci\u00f3n en nuestra p\u00e1gina web con el fin de mejorar la experiencia del usuario.<\/li>\n\n\n\n<li><strong>T\u00e9cnicas<\/strong>: son aquellas cookies que permiten al usuario la navegaci\u00f3n a trav\u00e9s de la p\u00e1gina web y la utilizaci\u00f3n de las diferentes opciones o servicios que en ella existan.<\/li>\n<\/ol>\n\n\n\n<p class=\"has-black-color has-text-color has-link-color has-forever-forma-body-text-font-family wp-elements-94e75e156a0a3856bc7ad752d83f3cc4\" style=\"font-size:clamp(14px, 0.875rem + ((1vw - 3.2px) * 0.341), 17px);line-height:1.4\">El detalle de las cookies utilizadas en esta p\u00e1gina web es el siguiente:<\/p>\n\n\n\n<figure class=\"wp-block-table alignwide is-style-stripes tablaCOOKIES has-forever-forma-body-text-font-family\" style=\"font-size:13px\"><table class=\"has-black-color has-text-color has-link-color\"><thead><tr><th><strong>NOMBRE DE LA COOKIE<\/strong><\/th><th><strong>TIPO<\/strong><\/th><th><strong>DURACI\u00d3N<\/strong><\/th><th><strong>DESCRIPCI\u00d3N<\/strong><\/th><\/tr><\/thead><tbody><tr><td>wpEmojiSettingsSupports<\/td><td>Necesaria<\/td><td>Sesi\u00f3n<\/td><td>La p\u00e1gina web utiliza esta cookie para determinar si su navegador puede mostrar iconos emoji de forma correcta. No recoge ni almacena ninguna informaci\u00f3n personal sobre los usuarios de la p\u00e1gina.<\/td><\/tr><tr><td>cookieyes-consent<\/td><td>Necesaria<\/td><td>1 a\u00f1o<\/td><td>CookieYes establece esta cookie para recordar las preferencias de consentimiento de los usuarios, de modo que se respeten sus preferencias en las siguientes visitas a este sitio. No recoge ni almacena ninguna informaci\u00f3n personal sobre los usuarios de la p\u00e1gina.<\/td><\/tr><tr><td>mtm_cookie_consent<\/td><td>Necesaria<\/td><td>1 a\u00f1o 1 mes 4 d\u00edas<\/td><td>Matomo establece esta cookie para recordar las preferencias de consentimiento de los usuarios, de modo que se respeten sus preferencias en las siguientes visitas a este sitio. No recoge ni almacena ninguna informaci\u00f3n personal sobre los usuarios de la p\u00e1gina.<\/td><\/tr><tr><td>_ga_*<\/td><td>Anal\u00edtica<\/td><td>1 a\u00f1o 1 mes 4 d\u00edas<\/td><td>Esta es una cookie de Google Analytics que permite a los propietarios de sitios web hacer un seguimiento del comportamiento de los visitantes y medir el rendimiento del sitio.<\/td><\/tr><tr><td>_ga<\/td><td><br>Anal\u00edtica<\/td><td>1 a\u00f1o 1 mes 4 d\u00edas<\/td><td>Esta es una cookie de Google Analytics que permite a los propietarios de sitios web hacer un seguimiento del comportamiento de los visitantes y medir el rendimiento del sitio.<\/td><\/tr><tr><td>CLID<\/td><td><br>Anal\u00edtica<\/td><td>1 a\u00f1o<\/td><td>Esta es una cookie de Microsoft Clarity que permite a los propietarios de sitios web hacer un seguimiento del comportamiento de los visitantes y medir el rendimiento del sitio.<\/td><\/tr><tr><td>_clck<\/td><td><br>Anal\u00edtica<\/td><td>1 a\u00f1o<\/td><td>Esta es una cookie de Microsoft Clarity que permite a los propietarios de sitios web hacer un seguimiento del comportamiento de los visitantes y medir el rendimiento del sitio.<\/td><\/tr><tr><td>SM<\/td><td><br>Anal\u00edtica<\/td><td>sesi\u00f3n<\/td><td>Esta es una cookie de Google Analytics que permite a los propietarios de sitios web hacer un seguimiento del comportamiento de los visitantes y medir el rendimiento del sitio.<\/td><\/tr><tr><td>MR<\/td><td><br>Anal\u00edtica<\/td><td>7 d\u00edas<\/td><td>Esta es una cookie de Bing que permite a los propietarios de sitios web hacer un seguimiento del comportamiento de los visitantes y medir el rendimiento del sitio.<\/td><\/tr><tr><td>_clsk<\/td><td><br>Anal\u00edtica<\/td><td>1 d\u00eda<\/td><td>Esta es una cookie de Microsoft Clarity que permite a los propietarios de sitios web hacer un seguimiento del comportamiento de los visitantes y medir el rendimiento del sitio.<\/td><\/tr><tr><td>_pk_id.3.8d1f<\/td><td><br>Anal\u00edtica<\/td><td>1 a\u00f1o 1 mes<\/td><td>Esta es una cookie de Matomo que permite a los propietarios de sitios web hacer un seguimiento del comportamiento de los visitantes y medir el rendimiento del sitio.<\/td><\/tr><tr><td>_pk_ses.3.8d1f<\/td><td>Anal\u00edtica<\/td><td>1 hora<\/td><td>Esta es una cookie de Matomo que permite a los propietarios de sitios web hacer un seguimiento del comportamiento de los visitantes y medir el rendimiento del sitio.<\/td><\/tr><tr><td>MUID<\/td><td>Anuncio<\/td><td>1 a\u00f1o 24 d\u00edas<\/td><td>Cookie publicidad comportamental de Bing &#8211; almacena informaci\u00f3n del comportamiento de los usuarios a trav\u00e9s de h\u00e1bitos de navegaci\u00f3n y permite desarrollar un perfil espec\u00edfico para mostrar publicidad.<\/td><\/tr><tr><td>ANONCHK<\/td><td>Anuncio<\/td><td>10 minutos<\/td><td>Cookie publicidad comportamental de Bing &#8211; almacena informaci\u00f3n del comportamiento de los usuarios a trav\u00e9s de h\u00e1bitos de navegaci\u00f3n y permite desarrollar un perfil espec\u00edfico para mostrar publicidad.<\/td><\/tr><tr><td>SRM_B<\/td><td><br>Anuncio<\/td><td>1 a\u00f1o 24 d\u00edas<\/td><td>Cookie publicidad comportamental de Microsoft Advertising &#8211; almacenan informaci\u00f3n del comportamiento de los usuarios a trav\u00e9s de h\u00e1bitos de navegaci\u00f3n y permite desarrollar un perfil espec\u00edfico para mostrar publicidad.<\/td><\/tr><tr><td>test_cookie<\/td><td>Anuncio<\/td><td>15 minutos<\/td><td>Cookie publicidad comportamental de DoubleClick\/Google &#8211; almacenan informaci\u00f3n del comportamiento de los usuarios a trav\u00e9s de h\u00e1bitos de navegaci\u00f3n y permite desarrollar un perfil espec\u00edfico para mostrar publicidad.<\/td><\/tr><tr><td>IDE<\/td><td>Anuncio<\/td><td><br>1 a\u00f1o 24 d\u00edas<\/td><td>Cookie publicidad comportamental de DoubleClick\/Google &#8211; almacenan informaci\u00f3n del comportamiento de los usuarios a trav\u00e9s de h\u00e1bitos de navegaci\u00f3n y permite desarrollar un perfil espec\u00edfico para mostrar publicidad.<\/td><\/tr><tr><td>_gcl_au<\/td><td>Anuncio<\/td><td>3 meses<\/td><td>Cookie publicidad comportamental de Google &#8211; almacenan informaci\u00f3n del comportamiento de los usuarios a trav\u00e9s de h\u00e1bitos de navegaci\u00f3n y permite desarrollar un perfil espec\u00edfico para mostrar publicidad.<\/td><\/tr><\/tbody><\/table><\/figure>\n\n\n\n<h2 class=\"wp-block-heading has-black-color has-text-color has-link-color has-forever-forma-body-text-font-family wp-elements-d9f46bbf8d712c15ef8ba73a00e2c5b2\" style=\"padding-top:15px;font-size:clamp(16.834px, 1.052rem + ((1vw - 3.2px) * 1.042), 26px);line-height:1.4\"><strong>\u00bfC\u00d3MO PUEDO CONFIGURAR MIS COOKIES?<\/strong><\/h2>\n\n\n\n<p class=\"has-black-color has-text-color has-link-color has-forever-forma-body-text-font-family wp-elements-96c23321a5354357c8e21ef8ec9e3701\" style=\"font-size:clamp(14px, 0.875rem + ((1vw - 3.2px) * 0.341), 17px);line-height:1.4\">Al navegar y continuar en nuestro Sitio Web estar\u00e1 consintiendo el uso de las Cookies en las condiciones contenidas en la presente Pol\u00edtica de Cookies. www.multilandingaegon.es proporciona acceso a esta Pol\u00edtica de Cookies en el momento del registro con el objetivo de que el usuario est\u00e9 informado, y sin perjuicio de que \u00e9ste pueda ejercer su derecho a bloquear, eliminar y rechazar el uso de Cookies en todo momento.<br>En cualquier caso le informamos de que, dado que las Cookies no son necesarias para el uso de nuestro Sitio Web, puede bloquearlas o deshabilitarlas activando la configuraci\u00f3n de su navegador, que le permite rechazar la instalaci\u00f3n de todas las cookies o de algunas de ellas. La pr\u00e1ctica mayor\u00eda de los navegadores permiten advertir de la presencia de Cookies o rechazarlas autom\u00e1ticamente. Si las rechaza podr\u00e1 seguir usando nuestro Sitio Web, aunque el uso de algunos de sus servicios podr\u00e1 ser limitado y por tanto su experiencia en nuestro Sitio Web menos satisfactoria.<\/p>\n\n\n\n<h2 class=\"wp-block-heading has-black-color has-text-color has-link-color has-forever-forma-body-text-font-family wp-elements-152892a992600c4823cacfda0a85a59d\" style=\"padding-top:15px;font-size:clamp(16.834px, 1.052rem + ((1vw - 3.2px) * 1.042), 26px);line-height:1.4\"><strong>\u00bfC\u00d3MO PUEDO BLOQUEAR O PERMITIR LAS COOKIES?<\/strong><\/h2>\n\n\n\n<p class=\"has-black-color has-text-color has-link-color has-forever-forma-body-text-font-family wp-elements-b8ab57096f70bdec453d431991534bbf\" style=\"font-size:clamp(14px, 0.875rem + ((1vw - 3.2px) * 0.341), 17px);line-height:1.4\">El usuario podr\u00e1 -en cualquier momento- elegir qu\u00e9 cookies quiere que funcionen en este sitio web mediante la configuraci\u00f3n del&nbsp;<strong>navegador<\/strong>, por ejemplo:<\/p>\n\n\n\n<ul style=\"font-size:clamp(14px, 0.875rem + ((1vw - 3.2px) * 0.341), 17px);line-height:1.4\" class=\"wp-block-list has-black-color has-text-color has-link-color has-forever-forma-body-text-font-family wp-elements-7afe2c8b5c74c3db3aea08f00f13d862\">\n<li><strong>Chrome<\/strong>, desde <a href=\"http:\/\/support.google.com\/chrome\/bin\/answer.py?hl=es&amp;answer=95647\" class=\"linksTEXTOS\">http:\/\/support.google.com\/chrome\/bin\/answer.py?hl=es&amp;answer=95647<\/a><\/li>\n\n\n\n<li><strong>Explorer<\/strong>, desde&nbsp;<a rel=\"noreferrer noopener\" href=\"http:\/\/windows.microsoft.com\/es-es\/windows7\/how-to-manage-cookies-in-internet-explorer-9\" target=\"_blank\" class=\"linksTEXTOS\">http:\/\/windows.microsoft.com\/es-es\/windows7\/how-to-manage-cookies-in-internet-explorer-9<\/a><\/li>\n\n\n\n<li><strong>Firefox<\/strong>, desde&nbsp;<a rel=\"noreferrer noopener\" href=\"http:\/\/support.mozilla.org\/es\/kb\/habilitar-y-deshabilitar-cookies-que-los-sitios-we\" target=\"_blank\" class=\"linksTEXTOS\">http:\/\/support.mozilla.org\/es\/kb\/habilitar-y-deshabilitar-cookies-que-los-sitios-we<\/a><\/li>\n\n\n\n<li><strong>Safari<\/strong>, desde&nbsp;<a rel=\"noreferrer noopener\" href=\"http:\/\/support.apple.com\/kb\/ph5042\" target=\"_blank\" class=\"linksTEXTOS\">http:\/\/support.apple.com\/kb\/ph5042<\/a><\/li>\n<\/ul>\n\n\n\n<p class=\"has-black-color has-text-color has-link-color has-forever-forma-body-text-font-family wp-elements-e815fc50f33ed1894e8e5959266af0ec\" style=\"font-size:clamp(14px, 0.875rem + ((1vw - 3.2px) * 0.341), 17px);line-height:1.4\">Existen herramientas de terceros, disponibles on line, que permiten a los usuarios detectar las cookies en cada sitio web que visita y gestionar su desactivaci\u00f3n.<\/p>\n<\/div>\n","protected":false},"excerpt":{"rendered":"<p>En cumplimiento del Real Decreto Ley 13\/2012, del 30 de marzo por el que se modifica la Ley de Servicios de Sociedad de la Informaci\u00f3n, y relativo a la utilizaci\u00f3n de cookies en p\u00e1ginas Webs, AEGON le informa que este sitio Web utiliza cookies para poder medir y analizar el tr\u00e1fico de la Web, para [&hellip;]<\/p>\n","protected":false},"author":11,"featured_media":0,"parent":0,"menu_order":2,"comment_status":"closed","ping_status":"closed","template":"nueva-imagen-page-txtlegales","meta":{"footnotes":""},"class_list":["post-93","page","type-page","status-publish","hentry"],"yoast_head":"<!-- This site is optimized with the Yoast SEO plugin v27.5 - https:\/\/yoast.com\/product\/yoast-seo-wordpress\/ -->\n<title>POL\u00cdTICA DE COOKIES - Contratar Aegon - Seguros de Salud<\/title>\n<meta name=\"robots\" content=\"index, follow, max-snippet:-1, max-image-preview:large, max-video-preview:-1\" \/>\n<link rel=\"canonical\" href=\"https:\/\/www.segurosaegon.com\/contrataaegon\/politica-de-cookies\/\" \/>\n<meta property=\"og:locale\" content=\"es_ES\" \/>\n<meta property=\"og:type\" content=\"article\" \/>\n<meta property=\"og:title\" content=\"POL\u00cdTICA DE COOKIES - Contratar Aegon - Seguros de Salud\" \/>\n<meta property=\"og:description\" content=\"En cumplimiento del Real Decreto Ley 13\/2012, del 30 de marzo por el que se modifica la Ley de Servicios de Sociedad de la Informaci\u00f3n, y relativo a la utilizaci\u00f3n de cookies en p\u00e1ginas Webs, AEGON le informa que este sitio Web utiliza cookies para poder medir y analizar el tr\u00e1fico de la Web, para [&hellip;]\" \/>\n<meta property=\"og:url\" content=\"https:\/\/www.segurosaegon.com\/contrataaegon\/politica-de-cookies\/\" \/>\n<meta property=\"og:site_name\" content=\"Contratar Aegon - Seguros de Salud\" \/>\n<meta property=\"article:modified_time\" content=\"2025-02-25T11:58:51+00:00\" \/>\n<meta name=\"twitter:card\" content=\"summary_large_image\" \/>\n<meta name=\"twitter:label1\" content=\"Tiempo de lectura\" \/>\n\t<meta name=\"twitter:data1\" content=\"4 minutos\" \/>\n<script type=\"application\/ld+json\" class=\"yoast-schema-graph\">{\"@context\":\"https:\\\/\\\/schema.org\",\"@graph\":[{\"@type\":\"WebPage\",\"@id\":\"https:\\\/\\\/www.segurosaegon.com\\\/contrataaegon\\\/politica-de-cookies\\\/\",\"url\":\"https:\\\/\\\/www.segurosaegon.com\\\/contrataaegon\\\/politica-de-cookies\\\/\",\"name\":\"POL\u00cdTICA DE COOKIES - Contratar Aegon - Seguros de Salud\",\"isPartOf\":{\"@id\":\"https:\\\/\\\/www.segurosaegon.com\\\/contrataaegon\\\/#website\"},\"datePublished\":\"2023-08-22T07:45:34+00:00\",\"dateModified\":\"2025-02-25T11:58:51+00:00\",\"breadcrumb\":{\"@id\":\"https:\\\/\\\/www.segurosaegon.com\\\/contrataaegon\\\/politica-de-cookies\\\/#breadcrumb\"},\"inLanguage\":\"es\",\"potentialAction\":[{\"@type\":\"ReadAction\",\"target\":[\"https:\\\/\\\/www.segurosaegon.com\\\/contrataaegon\\\/politica-de-cookies\\\/\"]}]},{\"@type\":\"BreadcrumbList\",\"@id\":\"https:\\\/\\\/www.segurosaegon.com\\\/contrataaegon\\\/politica-de-cookies\\\/#breadcrumb\",\"itemListElement\":[{\"@type\":\"ListItem\",\"position\":1,\"name\":\"Portada\",\"item\":\"https:\\\/\\\/www.segurosaegon.com\\\/contrataaegon\\\/\"},{\"@type\":\"ListItem\",\"position\":2,\"name\":\"Pol\u00edtica de Cookies\"}]},{\"@type\":\"WebSite\",\"@id\":\"https:\\\/\\\/www.segurosaegon.com\\\/contrataaegon\\\/#website\",\"url\":\"https:\\\/\\\/www.segurosaegon.com\\\/contrataaegon\\\/\",\"name\":\"Contratar Aegon - Seguros de Salud\",\"description\":\"Seguros de salud - Accede a la sanidad privada\",\"publisher\":{\"@id\":\"https:\\\/\\\/www.segurosaegon.com\\\/contrataaegon\\\/#organization\"},\"potentialAction\":[{\"@type\":\"SearchAction\",\"target\":{\"@type\":\"EntryPoint\",\"urlTemplate\":\"https:\\\/\\\/www.segurosaegon.com\\\/contrataaegon\\\/?s={search_term_string}\"},\"query-input\":{\"@type\":\"PropertyValueSpecification\",\"valueRequired\":true,\"valueName\":\"search_term_string\"}}],\"inLanguage\":\"es\"},{\"@type\":\"Organization\",\"@id\":\"https:\\\/\\\/www.segurosaegon.com\\\/contrataaegon\\\/#organization\",\"name\":\"Contratar Aegon - Seguros de Salud\",\"url\":\"https:\\\/\\\/www.segurosaegon.com\\\/contrataaegon\\\/\",\"logo\":{\"@type\":\"ImageObject\",\"inLanguage\":\"es\",\"@id\":\"https:\\\/\\\/www.segurosaegon.com\\\/contrataaegon\\\/#\\\/schema\\\/logo\\\/image\\\/\",\"url\":\"https:\\\/\\\/www.segurosaegon.com\\\/contrataaegon\\\/wp-content\\\/uploads\\\/sites\\\/32\\\/2024\\\/06\\\/Aegon_Logo_2024_PEQ.png\",\"contentUrl\":\"https:\\\/\\\/www.segurosaegon.com\\\/contrataaegon\\\/wp-content\\\/uploads\\\/sites\\\/32\\\/2024\\\/06\\\/Aegon_Logo_2024_PEQ.png\",\"width\":161,\"height\":43,\"caption\":\"Contratar Aegon - Seguros de Salud\"},\"image\":{\"@id\":\"https:\\\/\\\/www.segurosaegon.com\\\/contrataaegon\\\/#\\\/schema\\\/logo\\\/image\\\/\"}}]}<\/script>\n<!-- \/ Yoast SEO plugin. -->","yoast_head_json":{"title":"POL\u00cdTICA DE COOKIES - Contratar Aegon - Seguros de Salud","robots":{"index":"index","follow":"follow","max-snippet":"max-snippet:-1","max-image-preview":"max-image-preview:large","max-video-preview":"max-video-preview:-1"},"canonical":"https:\/\/www.segurosaegon.com\/contrataaegon\/politica-de-cookies\/","og_locale":"es_ES","og_type":"article","og_title":"POL\u00cdTICA DE COOKIES - Contratar Aegon - Seguros de Salud","og_description":"En cumplimiento del Real Decreto Ley 13\/2012, del 30 de marzo por el que se modifica la Ley de Servicios de Sociedad de la Informaci\u00f3n, y relativo a la utilizaci\u00f3n de cookies en p\u00e1ginas Webs, AEGON le informa que este sitio Web utiliza cookies para poder medir y analizar el tr\u00e1fico de la Web, para [&hellip;]","og_url":"https:\/\/www.segurosaegon.com\/contrataaegon\/politica-de-cookies\/","og_site_name":"Contratar Aegon - Seguros de Salud","article_modified_time":"2025-02-25T11:58:51+00:00","twitter_card":"summary_large_image","twitter_misc":{"Tiempo de lectura":"4 minutos"},"schema":{"@context":"https:\/\/schema.org","@graph":[{"@type":"WebPage","@id":"https:\/\/www.segurosaegon.com\/contrataaegon\/politica-de-cookies\/","url":"https:\/\/www.segurosaegon.com\/contrataaegon\/politica-de-cookies\/","name":"POL\u00cdTICA DE COOKIES - Contratar Aegon - Seguros de Salud","isPartOf":{"@id":"https:\/\/www.segurosaegon.com\/contrataaegon\/#website"},"datePublished":"2023-08-22T07:45:34+00:00","dateModified":"2025-02-25T11:58:51+00:00","breadcrumb":{"@id":"https:\/\/www.segurosaegon.com\/contrataaegon\/politica-de-cookies\/#breadcrumb"},"inLanguage":"es","potentialAction":[{"@type":"ReadAction","target":["https:\/\/www.segurosaegon.com\/contrataaegon\/politica-de-cookies\/"]}]},{"@type":"BreadcrumbList","@id":"https:\/\/www.segurosaegon.com\/contrataaegon\/politica-de-cookies\/#breadcrumb","itemListElement":[{"@type":"ListItem","position":1,"name":"Portada","item":"https:\/\/www.segurosaegon.com\/contrataaegon\/"},{"@type":"ListItem","position":2,"name":"Pol\u00edtica de Cookies"}]},{"@type":"WebSite","@id":"https:\/\/www.segurosaegon.com\/contrataaegon\/#website","url":"https:\/\/www.segurosaegon.com\/contrataaegon\/","name":"Contratar Aegon - Seguros de Salud","description":"Seguros de salud - Accede a la sanidad privada","publisher":{"@id":"https:\/\/www.segurosaegon.com\/contrataaegon\/#organization"},"potentialAction":[{"@type":"SearchAction","target":{"@type":"EntryPoint","urlTemplate":"https:\/\/www.segurosaegon.com\/contrataaegon\/?s={search_term_string}"},"query-input":{"@type":"PropertyValueSpecification","valueRequired":true,"valueName":"search_term_string"}}],"inLanguage":"es"},{"@type":"Organization","@id":"https:\/\/www.segurosaegon.com\/contrataaegon\/#organization","name":"Contratar Aegon - Seguros de Salud","url":"https:\/\/www.segurosaegon.com\/contrataaegon\/","logo":{"@type":"ImageObject","inLanguage":"es","@id":"https:\/\/www.segurosaegon.com\/contrataaegon\/#\/schema\/logo\/image\/","url":"https:\/\/www.segurosaegon.com\/contrataaegon\/wp-content\/uploads\/sites\/32\/2024\/06\/Aegon_Logo_2024_PEQ.png","contentUrl":"https:\/\/www.segurosaegon.com\/contrataaegon\/wp-content\/uploads\/sites\/32\/2024\/06\/Aegon_Logo_2024_PEQ.png","width":161,"height":43,"caption":"Contratar Aegon - Seguros de Salud"},"image":{"@id":"https:\/\/www.segurosaegon.com\/contrataaegon\/#\/schema\/logo\/image\/"}}]}},"_links":{"self":[{"href":"https:\/\/www.segurosaegon.com\/contrataaegon\/wp-json\/wp\/v2\/pages\/93","targetHints":{"allow":["GET"]}}],"collection":[{"href":"https:\/\/www.segurosaegon.com\/contrataaegon\/wp-json\/wp\/v2\/pages"}],"about":[{"href":"https:\/\/www.segurosaegon.com\/contrataaegon\/wp-json\/wp\/v2\/types\/page"}],"author":[{"embeddable":true,"href":"https:\/\/www.segurosaegon.com\/contrataaegon\/wp-json\/wp\/v2\/users\/11"}],"replies":[{"embeddable":true,"href":"https:\/\/www.segurosaegon.com\/contrataaegon\/wp-json\/wp\/v2\/comments?post=93"}],"version-history":[{"count":4,"href":"https:\/\/www.segurosaegon.com\/contrataaegon\/wp-json\/wp\/v2\/pages\/93\/revisions"}],"predecessor-version":[{"id":6020,"href":"https:\/\/www.segurosaegon.com\/contrataaegon\/wp-json\/wp\/v2\/pages\/93\/revisions\/6020"}],"wp:attachment":[{"href":"https:\/\/www.segurosaegon.com\/contrataaegon\/wp-json\/wp\/v2\/media?parent=93"}],"curies":[{"name":"wp","href":"https:\/\/api.w.org\/{rel}","templated":true}]}}